{"id":172,"date":"2020-04-14T11:37:46","date_gmt":"2020-04-14T11:37:46","guid":{"rendered":"https:\/\/www.rmnutribusiness.com\/?page_id=172"},"modified":"2021-01-30T18:22:58","modified_gmt":"2021-01-30T18:22:58","slug":"who-we-are","status":"publish","type":"page","link":"https:\/\/www.rmnutribusiness.com\/es\/who-we-are\/","title":{"rendered":"QUI\u00c9NES SOMOS"},"content":{"rendered":"<p><div class=\"fusion-fullwidth fullwidth-box fusion-builder-row-1 fusion-parallax-none hundred-percent-fullwidth non-hundred-percent-height-scrolling lazyload\" style=\"--link_hover_color: #ffffff;--awb-border-radius-top-left:0px;--awb-border-radius-top-right:0px;--awb-border-radius-bottom-right:0px;--awb-border-radius-bottom-left:0px;--awb-padding-top:280px;--awb-padding-bottom:280px;--awb-margin-top:0px;--awb-margin-bottom:0px;--awb-background-size:cover;--awb-flex-wrap:wrap;\" data-bg=\"https:\/\/www.rmnutribusiness.com\/wp-content\/uploads\/2020\/12\/rmnutribusines_team.jpg\" id=\"banner\" ><div class=\"fusion-builder-row fusion-row\"><div class=\"fusion-layout-column fusion_builder_column fusion-builder-column-0 fusion_builder_column_1_1 1_1 fusion-one-full fusion-column-first fusion-column-last\" style=\"--awb-bg-size:cover;\"><div class=\"fusion-column-wrapper fusion-column-has-shadow fusion-flex-column-wrapper-legacy\"><div class=\"fusion-clearfix\"><\/div><\/div><\/div><\/div><\/div><div class=\"fusion-fullwidth fullwidth-box fusion-builder-row-2 nonhundred-percent-fullwidth non-hundred-percent-height-scrolling\" style=\"--awb-border-radius-top-left:0px;--awb-border-radius-top-right:0px;--awb-border-radius-bottom-right:0px;--awb-border-radius-bottom-left:0px;--awb-margin-top:0px;--awb-margin-bottom:80px;--awb-flex-wrap:wrap;\" ><div class=\"fusion-builder-row fusion-row\"><div class=\"fusion-layout-column fusion_builder_column fusion-builder-column-1 fusion_builder_column_1_1 1_1 fusion-one-full fusion-column-first fusion-column-last\" style=\"--awb-bg-size:cover;\"><div class=\"fusion-column-wrapper fusion-column-has-shadow fusion-flex-column-wrapper-legacy\"><div class=\"fusion-title title fusion-title-1 fusion-sep-none fusion-title-center fusion-title-text fusion-title-size-two\" style=\"--awb-margin-top:80px;--awb-margin-bottom:40px;--awb-margin-top-small:80px;--awb-margin-bottom-small:40px;\"><h2 class=\"fusion-title-heading title-heading-center\" style=\"margin:0;\">QUI\u00c9NES SOMOS<\/h2><\/div><div class=\"fusion-text fusion-text-1 margen40\"><p style=\"text-align: center;\"><strong>RM Nutribusiness<\/strong> es una empresa registrada con sede en Madrid (Espa\u00f1a) fundada en 2013. Investigadores, veterinarios, ingenieros agr\u00f3nomos y qu\u00edmicos con m\u00e1s de 25 a\u00f1os de experiencia y trayectoria comprobada en el sector de la producci\u00f3n animal forman la columna vertebral de nuestro equipo.<\/p>\n<\/div><div class=\"fusion-text fusion-text-2 margen40\"><p style=\"text-align: center;\">La compa\u00f1\u00eda dispone de certificaciones GMP +, QS y FamiQS reconocidas y persigue un enfoque sostenible para la producci\u00f3n y el bienestar animal. Existe una b\u00fasqueda continua de formas naturales en apoyo a la fabricaci\u00f3n de piensos y procesos productivos, con el objetivo de aportar valores a\u00f1adidos a los productores y salud para los consumidores.\/p&gt;<\/p>\n<\/div><div class=\"fusion-clearfix\"><\/div><\/div><\/div><\/div><\/div><div class=\"fusion-fullwidth fullwidth-box fusion-builder-row-3 nonhundred-percent-fullwidth non-hundred-percent-height-scrolling fusion-equal-height-columns\" style=\"--awb-border-radius-top-left:0px;--awb-border-radius-top-right:0px;--awb-border-radius-bottom-right:0px;--awb-border-radius-bottom-left:0px;--awb-flex-wrap:wrap;\" ><div class=\"fusion-builder-row fusion-row\"><div class=\"fusion-layout-column fusion_builder_column fusion-builder-column-2 fusion_builder_column_1_3 1_3 fusion-one-third fusion-column-first\" style=\"--awb-bg-color:#b7d073;--awb-bg-color-hover:#b7d073;--awb-bg-size:cover;width:33.333333333333%;width:calc(33.333333333333% - ( ( 0px ) * 0.33333333333333 ) );margin-right: 0px;\"><div class=\"fusion-column-wrapper fusion-column-has-shadow fusion-flex-column-wrapper-legacy\"><div class=\"fusion-column-content-centered\"><div class=\"fusion-column-content\"><div class=\"fusion-title title fusion-title-2 fusion-sep-none fusion-title-center fusion-title-text fusion-title-size-two\" style=\"--awb-margin-top:40px;--awb-margin-bottom:40px;--awb-margin-top-small:0px;--awb-margin-bottom-small:40px;\"><h2 class=\"fusion-title-heading title-heading-center\" style=\"margin:0;\">OBJETIVOS CORPORATIVOS<\/h2><\/div><div class=\"fusion-text fusion-text-3 margen40 padding40\"><p style=\"text-align: center;\">RM Nutribusiness es un referente en el mercado para una producci\u00f3n animal segura, eficiente, confiable y saludable. La investigaci\u00f3n es nuestro principal activo. Creemos en la aplicaci\u00f3n de bases cient\u00edficas s\u00f3lidas en la producci\u00f3n animal para garantizar la eficacia y la salud de los productos. Nuestros clientes son nuestros socios, que mejoran su competitividad con nuestro apoyo. Nuestros empleados encuentran buenas oportunidades para crecer y desarrollar sus habilidades profesionales y personales, con el fin de construir su futuro con nosotros.<br \/>\nPromovemos el trabajo en equipo, la integridad, el compromiso y la creaci\u00f3n de valor en un ambiente amigable.<\/p>\n<\/div><\/div><\/div><div class=\"fusion-clearfix\"><\/div><\/div><\/div><div class=\"fusion-layout-column fusion_builder_column fusion-builder-column-3 fusion_builder_column_2_3 2_3 fusion-two-third fusion-column-last\" style=\"--awb-bg-color:#cfe0a0;--awb-bg-color-hover:#cfe0a0;--awb-bg-size:cover;width:66.666666666667%;width:calc(66.666666666667% - ( ( 0px ) * 0.66666666666667 ) );\"><div class=\"fusion-column-wrapper fusion-column-has-shadow fusion-flex-column-wrapper-legacy\"><div class=\"fusion-image-element in-legacy-container\" style=\"--awb-caption-title-font-family:var(--h2_typography-font-family);--awb-caption-title-font-weight:var(--h2_typography-font-weight);--awb-caption-title-font-style:var(--h2_typography-font-style);--awb-caption-title-size:var(--h2_typography-font-size);--awb-caption-title-transform:var(--h2_typography-text-transform);--awb-caption-title-line-height:var(--h2_typography-line-height);--awb-caption-title-letter-spacing:var(--h2_typography-letter-spacing);\"><span class=\" fusion-imageframe imageframe-none imageframe-1 hover-type-none\"><img decoding=\"async\" width=\"800\" height=\"450\" title=\"rmnutribusiness_who_we_are_2\" src=\"https:\/\/www.rmnutribusiness.com\/wp-content\/uploads\/2020\/11\/rmnutribusiness_who_we_are_2.jpg\" data-orig-src=\"https:\/\/www.rmnutribusiness.com\/wp-content\/uploads\/2020\/11\/rmnutribusiness_who_we_are_2.jpg\" alt class=\"lazyload img-responsive wp-image-429\" srcset=\"data:image\/svg+xml,%3Csvg%20xmlns%3D%27http%3A%2F%2Fwww.w3.org%2F2000%2Fsvg%27%20width%3D%27800%27%20height%3D%27450%27%20viewBox%3D%270%200%20800%20450%27%3E%3Crect%20width%3D%27800%27%20height%3D%27450%27%20fill-opacity%3D%220%22%2F%3E%3C%2Fsvg%3E\" data-srcset=\"https:\/\/www.rmnutribusiness.com\/wp-content\/uploads\/2020\/11\/rmnutribusiness_who_we_are_2-200x113.jpg 200w, https:\/\/www.rmnutribusiness.com\/wp-content\/uploads\/2020\/11\/rmnutribusiness_who_we_are_2-400x225.jpg 400w, https:\/\/www.rmnutribusiness.com\/wp-content\/uploads\/2020\/11\/rmnutribusiness_who_we_are_2-600x338.jpg 600w, https:\/\/www.rmnutribusiness.com\/wp-content\/uploads\/2020\/11\/rmnutribusiness_who_we_are_2.jpg 800w\" data-sizes=\"auto\" data-orig-sizes=\"(max-width: 800px) 100vw, 800px\" \/><\/span><\/div><div class=\"fusion-title title fusion-title-3 fusion-sep-none fusion-title-center fusion-title-text fusion-title-size-two\" style=\"--awb-margin-top:40px;--awb-margin-bottom:40px;--awb-margin-top-small:40px;--awb-margin-bottom-small:40px;\"><h2 class=\"fusion-title-heading title-heading-center\" style=\"margin:0;\">MISI\u00d3N CORPORATIVA<\/h2><\/div><div class=\"fusion-text fusion-text-4 margen40 padding40\"><p style=\"text-align: center;\">Nuestra principal prioridad es desarrollar productos basados en la investigaci\u00f3n, innovadores y seguros para el sector mundial de piensos y que contribuyan a una producci\u00f3n de alimentos de calidad, eficientes y seguros para los consumidores. Desarrollamos proyectos conjuntos con nuestros socios, con los que compartimos nuestra confianza, experiencia, conocimientos y una \u00e9tica similar.<\/p>\n<\/div><div class=\"fusion-clearfix\"><\/div><\/div><\/div><\/div><\/div><div class=\"fusion-fullwidth fullwidth-box fusion-builder-row-4 nonhundred-percent-fullwidth non-hundred-percent-height-scrolling fusion-equal-height-columns\" style=\"--awb-border-radius-top-left:0px;--awb-border-radius-top-right:0px;--awb-border-radius-bottom-right:0px;--awb-border-radius-bottom-left:0px;--awb-flex-wrap:wrap;\" ><div class=\"fusion-builder-row fusion-row\"><div class=\"fusion-layout-column fusion_builder_column fusion-builder-column-4 fusion_builder_column_2_3 2_3 fusion-two-third fusion-column-first\" style=\"--awb-bg-color:#e7efcf;--awb-bg-color-hover:#e7efcf;--awb-bg-size:cover;width:66.666666666667%;width:calc(66.666666666667% - ( ( 0px ) * 0.66666666666667 ) );margin-right: 0px;\"><div class=\"fusion-column-wrapper fusion-column-has-shadow fusion-flex-column-wrapper-legacy\"><div class=\"fusion-column-content-centered\"><div class=\"fusion-column-content\"><div class=\"fusion-title title fusion-title-4 fusion-sep-none fusion-title-center fusion-title-text fusion-title-size-two\" style=\"--awb-margin-top:40px;--awb-margin-bottom:40px;--awb-margin-top-small:40px;--awb-margin-bottom-small:40px;\"><h2 class=\"fusion-title-heading title-heading-center\" style=\"margin:0;\">VISI\u00d3N<\/h2><\/div><div class=\"fusion-text fusion-text-5 margen40 padding40\"><p style=\"text-align: center;\">RM Nutribusiness se cre\u00f3 especialmente para abordar los nuevos desaf\u00edos que surgen de una producci\u00f3n ganadera moderna de alto rendimiento, brindando soluciones seguras y sostenibles, al tiempo que promovi\u00e9ndo el bienestar animal y la ecolog\u00eda. Creemos firmemente en pr\u00e1cticas respetuosas con el medio ambiente en todos los procesos de producci\u00f3n.<\/p>\n<\/div><\/div><\/div><div class=\"fusion-clearfix\"><\/div><\/div><\/div><div class=\"fusion-layout-column fusion_builder_column fusion-builder-column-5 fusion_builder_column_1_3 1_3 fusion-one-third fusion-column-last\" style=\"--awb-bg-color:#cfe0a0;--awb-bg-color-hover:#cfe0a0;--awb-bg-size:cover;width:33.333333333333%;width:calc(33.333333333333% - ( ( 0px ) * 0.33333333333333 ) );\"><div class=\"fusion-column-wrapper lazyload fusion-column-has-shadow fusion-flex-column-wrapper-legacy fusion-empty-column-bg-image fusion-column-has-bg-image\" data-bg-url=\"https:\/\/www.rmnutribusiness.com\/wp-content\/uploads\/2020\/11\/rmnutribusiness_who_we_are_3.jpg\" data-bg=\"https:\/\/www.rmnutribusiness.com\/wp-content\/uploads\/2020\/11\/rmnutribusiness_who_we_are_3.jpg\"><img decoding=\"async\" class=\"fusion-empty-dims-img-placeholder fusion-no-large-visibility\" aria-label=\"rmnutribusiness_who_we_are_3\" src=\"data:image\/svg+xml,%3Csvg%20xmlns%3D%27http%3A%2F%2Fwww.w3.org%2F2000%2Fsvg%27%20width%3D%27400%27%20height%3D%27284%27%20viewBox%3D%270%200%20400%20284%27%3E%3Crect%20width%3D%27400%27%20height%3D%27284%27%20fill-opacity%3D%220%22%2F%3E%3C%2Fsvg%3E\"><div class=\"fusion-clearfix\"><\/div><\/div><\/div><\/div><\/div><div class=\"fusion-fullwidth fullwidth-box fusion-builder-row-5 nonhundred-percent-fullwidth non-hundred-percent-height-scrolling fusion-equal-height-columns\" style=\"--awb-border-radius-top-left:0px;--awb-border-radius-top-right:0px;--awb-border-radius-bottom-right:0px;--awb-border-radius-bottom-left:0px;--awb-flex-wrap:wrap;\" ><div class=\"fusion-builder-row fusion-row\"><div class=\"fusion-layout-column fusion_builder_column fusion-builder-column-6 fusion_builder_column_2_3 2_3 fusion-two-third fusion-column-first\" style=\"--awb-bg-color:#cfe0a0;--awb-bg-color-hover:#cfe0a0;--awb-bg-size:cover;width:66.666666666667%;width:calc(66.666666666667% - ( ( 0px ) * 0.66666666666667 ) );margin-right: 0px;\"><div class=\"fusion-column-wrapper lazyload fusion-column-has-shadow fusion-flex-column-wrapper-legacy fusion-empty-column-bg-image fusion-column-has-bg-image\" data-bg-url=\"https:\/\/www.rmnutribusiness.com\/wp-content\/uploads\/2020\/11\/rmnutribusiness_who_we_are_4.jpg\" data-bg=\"https:\/\/www.rmnutribusiness.com\/wp-content\/uploads\/2020\/11\/rmnutribusiness_who_we_are_4.jpg\"><img decoding=\"async\" class=\"fusion-empty-dims-img-placeholder fusion-no-large-visibility\" aria-label=\"rmnutribusiness_who_we_are_4\" src=\"data:image\/svg+xml,%3Csvg%20xmlns%3D%27http%3A%2F%2Fwww.w3.org%2F2000%2Fsvg%27%20width%3D%27800%27%20height%3D%27350%27%20viewBox%3D%270%200%20800%20350%27%3E%3Crect%20width%3D%27800%27%20height%3D%27350%27%20fill-opacity%3D%220%22%2F%3E%3C%2Fsvg%3E\"><div class=\"fusion-clearfix\"><\/div><\/div><\/div><div class=\"fusion-layout-column fusion_builder_column fusion-builder-column-7 fusion_builder_column_1_3 1_3 fusion-one-third fusion-column-last\" style=\"--awb-bg-color:#b7d073;--awb-bg-color-hover:#b7d073;--awb-bg-size:cover;width:33.333333333333%;width:calc(33.333333333333% - ( ( 0px ) * 0.33333333333333 ) );\"><div class=\"fusion-column-wrapper fusion-column-has-shadow fusion-flex-column-wrapper-legacy\"><div class=\"fusion-column-content-centered\"><div class=\"fusion-column-content\"><div class=\"fusion-title title fusion-title-5 fusion-sep-none fusion-title-center fusion-title-text fusion-title-size-two\" style=\"--awb-margin-top:40px;--awb-margin-bottom:40px;--awb-margin-top-small:40px;--awb-margin-bottom-small:40px;\"><h2 class=\"fusion-title-heading title-heading-center\" style=\"margin:0;\">ACTIVIDAD DE LA COMPA\u00d1\u00cdA<\/h2><\/div><div class=\"fusion-text fusion-text-6 margen40 padding40\"><p style=\"text-align: center;\">RM Nutribusiness ejerce su actividad en el desarrollo de nutrac\u00e9uticos bioactivos naturales y seguros para la salud y nutrici\u00f3n animal, el sector veterinario y farmac\u00e9utico, as\u00ed como un hol\u00edstico bienestar humano.<\/p>\n<\/div><\/div><\/div><div class=\"fusion-clearfix\"><\/div><\/div><\/div><\/div><\/div><div class=\"fusion-fullwidth fullwidth-box fusion-builder-row-6 nonhundred-percent-fullwidth non-hundred-percent-height-scrolling\" style=\"--awb-border-radius-top-left:0px;--awb-border-radius-top-right:0px;--awb-border-radius-bottom-right:0px;--awb-border-radius-bottom-left:0px;--awb-margin-top:0px;--awb-margin-bottom:0px;--awb-flex-wrap:wrap;\" ><div class=\"fusion-builder-row fusion-row\"><div class=\"fusion-layout-column fusion_builder_column fusion-builder-column-8 fusion_builder_column_1_1 1_1 fusion-one-full fusion-column-first fusion-column-last\" style=\"--awb-bg-size:cover;\"><div class=\"fusion-column-wrapper fusion-column-has-shadow fusion-flex-column-wrapper-legacy\"><div class=\"fusion-title title fusion-title-6 fusion-sep-none fusion-title-center fusion-title-text fusion-title-size-two\" style=\"--awb-margin-top:80px;--awb-margin-bottom:40px;--awb-margin-top-small:80px;--awb-margin-bottom-small:40px;\"><h2 class=\"fusion-title-heading title-heading-center\" style=\"margin:0;\">CERTIFICADOS DE CALIDAD<\/h2><\/div><div class=\"fusion-text fusion-text-7\"><p style=\"text-align: center; margin-bottom: 0px;\">La empresa dispone de las certificaciones GMP +, QS y FamiQS reconocidas y persigue un enfoque sostenible para la producci\u00f3n y el bienestar animal.<\/p>\n<\/div><div class=\"fusion-clearfix\"><\/div><\/div><\/div><\/div><\/div><div class=\"fusion-fullwidth fullwidth-box fusion-builder-row-7 fusion-parallax-none nonhundred-percent-fullwidth non-hundred-percent-height-scrolling lazyload\" style=\"--awb-border-radius-top-left:0px;--awb-border-radius-top-right:0px;--awb-border-radius-bottom-right:0px;--awb-border-radius-bottom-left:0px;--awb-padding-top:370px;--awb-padding-right:0px;--awb-padding-bottom:0px;--awb-padding-left:0px;--awb-margin-top:0px;--awb-margin-bottom:0px;--awb-background-size:cover;--awb-flex-wrap:wrap;\" data-bg=\"https:\/\/www.rmnutribusiness.com\/wp-content\/uploads\/2020\/04\/molecular_footer.png\" ><div class=\"fusion-builder-row fusion-row\"><\/div><\/div><\/p>\n","protected":false},"excerpt":{"rendered":"","protected":false},"author":1,"featured_media":0,"parent":0,"menu_order":0,"comment_status":"closed","ping_status":"closed","template":"100-width.php","meta":{"_joinchat":[],"footnotes":""},"class_list":["post-172","page","type-page","status-publish","hentry"],"_links":{"self":[{"href":"https:\/\/www.rmnutribusiness.com\/es\/wp-json\/wp\/v2\/pages\/172","targetHints":{"allow":["GET"]}}],"collection":[{"href":"https:\/\/www.rmnutribusiness.com\/es\/wp-json\/wp\/v2\/pages"}],"about":[{"href":"https:\/\/www.rmnutribusiness.com\/es\/wp-json\/wp\/v2\/types\/page"}],"author":[{"embeddable":true,"href":"https:\/\/www.rmnutribusiness.com\/es\/wp-json\/wp\/v2\/users\/1"}],"replies":[{"embeddable":true,"href":"https:\/\/www.rmnutribusiness.com\/es\/wp-json\/wp\/v2\/comments?post=172"}],"version-history":[{"count":49,"href":"https:\/\/www.rmnutribusiness.com\/es\/wp-json\/wp\/v2\/pages\/172\/revisions"}],"predecessor-version":[{"id":894,"href":"https:\/\/www.rmnutribusiness.com\/es\/wp-json\/wp\/v2\/pages\/172\/revisions\/894"}],"wp:attachment":[{"href":"https:\/\/www.rmnutribusiness.com\/es\/wp-json\/wp\/v2\/media?parent=172"}],"curies":[{"name":"wp","href":"https:\/\/api.w.org\/{rel}","templated":true}]}}