{"id":817,"date":"2020-12-21T17:57:09","date_gmt":"2020-12-21T17:57:09","guid":{"rendered":"https:\/\/www.rmnutribusiness.com\/rechtlicher-hinweis\/"},"modified":"2023-03-21T12:59:17","modified_gmt":"2023-03-21T12:59:17","slug":"rechtlicher-hinweis","status":"publish","type":"page","link":"https:\/\/www.rmnutribusiness.com\/de\/rechtlicher-hinweis\/","title":{"rendered":"RECHTLICHER HINWEIS"},"content":{"rendered":"<p><div class=\"fusion-fullwidth fullwidth-box fusion-builder-row-1 fusion-parallax-none nonhundred-percent-fullwidth non-hundred-percent-height-scrolling lazyload\" style=\"--awb-border-radius-top-left:0px;--awb-border-radius-top-right:0px;--awb-border-radius-bottom-right:0px;--awb-border-radius-bottom-left:0px;--awb-padding-top:280px;--awb-padding-right:0px;--awb-padding-bottom:280px;--awb-padding-left:0px;--awb-margin-top:0px;--awb-margin-bottom:0px;--awb-background-size:cover;--awb-flex-wrap:wrap;\" data-bg=\"https:\/\/www.rmnutribusiness.com\/wp-content\/uploads\/2020\/11\/rmnutribusiness_legal-notice.jpg\" ><div class=\"fusion-builder-row fusion-row\"><\/div><\/div><div class=\"fusion-fullwidth fullwidth-box fusion-builder-row-2 nonhundred-percent-fullwidth non-hundred-percent-height-scrolling\" style=\"--awb-border-radius-top-left:0px;--awb-border-radius-top-right:0px;--awb-border-radius-bottom-right:0px;--awb-border-radius-bottom-left:0px;--awb-flex-wrap:wrap;\" ><div class=\"fusion-builder-row fusion-row\"><div class=\"fusion-layout-column fusion_builder_column fusion-builder-column-0 fusion_builder_column_1_1 1_1 fusion-one-full fusion-column-first fusion-column-last\" style=\"--awb-bg-size:cover;\"><div class=\"fusion-column-wrapper fusion-column-has-shadow fusion-flex-column-wrapper-legacy\"><div class=\"fusion-title title fusion-title-1 fusion-sep-none fusion-title-center fusion-title-text fusion-title-size-one\" style=\"--awb-margin-top:70px;\"><h1 class=\"fusion-title-heading title-heading-center\" style=\"margin:0;\">RECHTLICHER HINWEIS<\/h1><\/div><div class=\"fusion-text fusion-text-1\"><p><strong>Identifizierung und Eigentum<\/strong><\/p>\n<p>In \u00dcbereinstimmung mit Artikel 10 des Gesetzes 34\/2002 vom 11. Juli \u00fcber Dienstleistungen der Informationsgesellschaft und des elektronischen Gesch\u00e4ftsverkehrs legt der Inhaber seine Identifikationsdaten vor.<\/p>\n<ul>\n<li>Inhaber: R &amp; M NUTRIBUSINESS, S.L.U.<\/li>\n<li>NIF: B86904331<\/li>\n<li>Eingetragen im Handelsregister von Madrid, Band 31823, Buch, Abschnitt, Folio 120, Seite M-572674, Eintrag 1.<\/li>\n<li>Adresse: Calle Rozabella 6, Ed.Paris planta 2 Oficina 3 (28290 Las Rozas de Madrid, Madrid &#8211; Espa\u00f1a.<\/li>\n<li>E-Mail: c&#111;&#109;&#x65;&#x72;&#x63;&#x69;a&#108;&#64;&#114;&#x6d;&#x6e;&#x75;tr&#105;&#98;&#x75;&#x73;&#x69;ne&#115;&#115;&#x2e;&#x63;&#x6f;m<\/li>\n<li>Website: https:\/\/www.rmnutribusiness.com<\/li>\n<\/ul>\n<p><strong>Zweck<\/strong><\/p>\n<p>Der Zweck der Website https:\/\/www.rmnutribusiness.com besteht darin, Informationen und technische L\u00f6sungen f\u00fcr die Tierfutterindustrie (und den Verkauf von Produkten) bereitzustellen.<\/p>\n<p><strong>Nutzungsbedingungen<\/strong><\/p>\n<p>Die Nutzung der Website gew\u00e4hrt Ihnen den Status eines Benutzers und impliziert die vollst\u00e4ndige Akzeptanz aller auf den Seiten enthaltenen Klauseln und Nutzungsbedingungen:<\/p>\n<ul>\n<li>Rechtliche Warnung<\/li>\n<li>Datenschutz-Bestimmungen<\/li>\n<li>Cookie-Richtlinie<\/li>\n<\/ul>\n<p>Wenn Sie mit jeder dieser Klauseln und Bedingungen nicht einverstanden \u00a0sind, bitten wir Sie die Nutzung diese Website zu unterlassen.<\/p>\n<p>Der Zugriff auf diese Website bedeutet in keiner Weise den Beginn einer Gesch\u00e4ftsbeziehung mit R &amp; M NUTRIBUSINESS, S.L.<\/p>\n<p>\u00dcber diese Website bietet Ihnen der Eigent\u00fcmer Zugriff auf und Nutzung verschiedener Inhalte, die der Eigent\u00fcmer oder seine Mitarbeiter \u00fcber das Internet ver\u00f6ffentlicht haben.<\/p>\n<p>Zu diesem Zweck verpflichten Sie sich, den Inhalt der Website NICHT f\u00fcr illegale Zwecke oder Zwecke zu verwenden, die in diesem rechtlichen Hinweis oder nach geltendem Recht verboten sind, die Rechte und Interessen Dritter verletzen oder in irgendeiner Weise sch\u00e4digen.Dieses betrifft \u00a0Besch\u00e4digung, Deaktivierung, \u00dcberlastung, Verschlechterung oder Verhinderung der normalen Verwendung von Inhalten, Computerger\u00e4ten oder Dokumenten, Dateien und allen Arten von Inhalten, die auf Computerger\u00e4ten gespeichert sind, die R &amp; M NUTRIBUSINESS, SL, anderen Benutzern oder Benutzern geh\u00f6ren oder von diesen unter Vertrag aus dem Internet genommen werden.<\/p>\n<p><strong>Sicherheitsma\u00dfnahmen<\/strong><\/p>\n<p>Die pers\u00f6nlichen Daten, die Sie dem Eigent\u00fcmer zur Verf\u00fcgung stellen, k\u00f6nnen in automatisierten Datenbanken gespeichert werden oder nicht, deren Eigentum ausschlie\u00dflich R &amp; M NUTRIBUSINESS, SL entspricht, der alle technischen, organisatorischen und Sicherheitsma\u00dfnahmen \u00fcbernimmt, die Vertraulichkeit, Integrit\u00e4t und Qualit\u00e4t gew\u00e4hrleisten der darin enthaltenen Informationen gem\u00e4\u00df den Bestimmungen der geltenden Datenschutzbestimmungen.<\/p>\n<p>Sie m\u00fcssen sich jedoch bewusst sein, dass die Sicherheitsma\u00dfnahmen von Computersystemen im Internet nicht vollst\u00e4ndig zuverl\u00e4ssig sind und der Eigent\u00fcmer daher nicht garantieren kann, dass keine Viren oder andere Elemente vorhanden sind, die zu \u00c4nderungen an Computersystemen des Benutzers (Software und Hardware) f\u00fchren k\u00f6nnen oder in seinen darin enthaltenen elektronischen Dokumenten und Dateien, obwohl der Eigent\u00fcmer alle erforderlichen Mittel einsetzt und die entsprechenden Sicherheitsma\u00dfnahmen ergreift, um das Vorhandensein dieser sch\u00e4dlichen Elemente zu vermeiden.<\/p>\n<p><strong>Pers\u00f6nliche Informationen<\/strong><\/p>\n<p>Sie k\u00f6nnen alle Informationen der Verarbeitung der vom Eigent\u00fcmer gesammelten personenbezogenen Daten auf der Seite <u>Datenschutzbestimmungen<\/u> einsehen.<\/p>\n<p><strong>Inhalt<\/strong><\/p>\n<p>Der Eigent\u00fcmer hat die auf der Website enthaltenen Informationen, Multimedia-Inhalte und Materialien aus Quellen erhalten, die er f\u00fcr zuverl\u00e4ssig h\u00e4lt. Obwohl er alle angemessenen Ma\u00dfnahmen ergriffen hat, um sicherzustellen, dass die enthaltenen Informationen korrekt sind, \u00fcbernimmt der Eigent\u00fcmer keine Garantie oder Verantwortung f\u00fcr deren Richtigkeit , Vollst\u00e4ndigkeit oder Aktualisierung.<\/p>\n<p>R &amp; M NUTRIBUSINESS, S.L. lehnt ausdr\u00fccklich jede Verantwortung f\u00fcr Fehler oder Auslassungen in den auf den Seiten dieser Website enthaltenen Informationen ab.<\/p>\n<p>Es ist verboten, unerlaubte, unbefugte, widerrechtliche \u00a0oder illegale Inhalte, Computerviren oder Nachrichten, die im Allgemeinen die Rechte des Eigent\u00fcmers oder Dritter beeintr\u00e4chtigen oder verletzen, \u00fcber die Website zu \u00fcbertragen oder zu senden.<\/p>\n<p>Der Inhalt von https:\/\/www.rmnutribusiness.com dient nur zu Informationszwecken und sollte unter keinen Umst\u00e4nden als Verkaufsangebot, Aufforderung zur Abgabe eines Kaufangebots oder Empfehlung zur Durchf\u00fchrung eines anderen Vorgangs verwendet oder betrachtet werden, sofern nicht ausdr\u00fccklich anders angegeben wird.<\/p>\n<p>R &amp; M NUTRIBUSINESS, S.L. beh\u00e4lt sich das Recht vor, den Inhalt von https:\/\/www.rmnutribusiness.com, die Links oder die \u00fcber die Website erhaltenen Informationen ohne vorherige Ank\u00fcndigung zu \u00e4ndern, auszusetzen, abzubrechen oder einzuschr\u00e4nken.<\/p>\n<p>R &amp; M NUTRIBUSINESS, S.L. ist nicht verantwortlich f\u00fcr Sch\u00e4den, die durch die Verwendung der Informationen auf der Website oder in den sozialen Netzwerken des Eigent\u00fcmers entstehen k\u00f6nnen.<\/p>\n<p><strong>Cookie-Richtlinie<\/strong><\/p>\n<p>Auf der Seite &#8222;Cookie-Richtlinie&#8220; k\u00f6nnen Sie alle Informationen zum Sammeln und Behandeln von Cookies einsehen.<\/p>\n<p><strong>Links zu anderen Websites<\/strong><\/p>\n<p>Der Eigent\u00fcmer kann Ihnen \u00fcber Links Zugriff auf Websites Dritter gew\u00e4hren, um Sie \u00fcber das Vorhandensein anderer Informationsquellen im Internet zu informieren, in denen Sie, die auf der Website angebotenen Daten, erweitern k\u00f6nnen.<\/p>\n<p>Diese Links zu anderen Websites setzen in keinem Fall eine Veranlassung,Suggestion oder eine Empfehlung f\u00fcr den Besuch der Zielwebseiten voraus, die au\u00dferhalb der Kontrolle des Eigent\u00fcmers liegen. Daher ist R &amp; M NUTRIBUSINESS, S.L.\u00a0 nicht verantwortlich f\u00fcr den Inhalt verlinkter Websites oder das Ergebnis, das Sie durch das Folgen der Links erhalten.<\/p>\n<p>Ebenso R &amp; M NUTRIBUSINESS, S.L. haftet und erwidert nicht auf die Links der verlinkten Websites, auf die Sie Zugriff haben.<\/p>\n<p>Die Herstellung der Verbindung impliziert in keinem Fall das Bestehen von Beziehungen zwischen R &amp; M NUTRIBUSINESS, S.L. und der Eigent\u00fcmer der Website, auf der die Links hergestellt werden, noch die Annahme oder Genehmigung der Inhalte oder Dienste durch den Eigent\u00fcmer.<\/p>\n<p>Wenn Sie \u00fcber einen Link unter https:\/\/www.rmnutribusiness.com auf eine externe Website zugreifen, sollten Sie die Datenschutzbestimmungen der anderen Website lesen, die f\u00fcr Sie gelten und die sich m\u00f6glicherweise von denen dieser Website unterscheiden.<\/p>\n<p><strong>Urheberrecht und gewerbliches Eigentum<\/strong><\/p>\n<p>Alle Rechte vorbehalten.<\/p>\n<p>Jeder Zugriff auf diese Website unterliegt den folgenden Bedingungen: Die Vervielf\u00e4ltigung, dauerhafte Speicherung und Verbreitung der Inhalte oder jede andere Verwendung f\u00fcr \u00f6ffentliche oder kommerzielle Zwecke ist ohne die ausdr\u00fcckliche vorherige schriftliche Zustimmung von R &amp; M NUTRIBUSINESS, SL ausdr\u00fccklich untersagt .<\/p>\n<p><strong>Haftungsbeschr\u00e4nkung<\/strong><\/p>\n<p>Die auf dieser Website enthaltenen oder verf\u00fcgbaren Informationen und Dienste k\u00f6nnen Ungenauigkeiten oder Tippfehler enthalten. In regelm\u00e4\u00dfigen Abst\u00e4nden nimmt der Eigent\u00fcmer Verbesserungen und \/ oder \u00c4nderungen an den enthaltenen Informationen und \/ oder den Diensten vor, die er jederzeit einf\u00fchren kann.<\/p>\n<p>Der Eigent\u00fcmer erkl\u00e4rt oder garantiert nicht, dass die Dienste oder Inhalte unterbrochen werden k\u00f6nnen oder fehlerfrei sind, dass die M\u00e4ngel behoben werden oder dass der Dienst oder der Server, der sie zur Verf\u00fcgung stellt, frei von Viren oder anderen sch\u00e4dlichen Komponenten ist. Der Eigent\u00fcmer bem\u00fcht sich, diese Art von Vorf\u00e4llen zu vermeiden.<\/p>\n<p>R &amp; M NUTRIBUSINESS, S.L. lehnt jegliche Verantwortung im Falle von Unterbrechungen oder einer Fehlfunktion der im Internet angebotenen Dienste oder Inhalte ab, unabh\u00e4ngig von deren Ursache. Ebenso ist der Eigent\u00fcmer nicht verantwortlich f\u00fcr Netzwerkausf\u00e4lle, Gesch\u00e4ftsverluste infolge dieser Ausf\u00e4lle, vor\u00fcbergehende Stromausf\u00e4lle oder andere indirekte Sch\u00e4den, die durch Ursachen verursacht werden k\u00f6nnen, die au\u00dferhalb der Kontrolle des Eigent\u00fcmers liegen.<\/p>\n<p>Bevor Sie Entscheidungen und \/ oder Ma\u00dfnahmen auf der Grundlage der auf der Website enthaltenen Informationen treffen, empfiehlt der Eigent\u00fcmer, dass Sie die erhaltenen Informationen \u00fcberpr\u00fcfen und anderen Quellen gegen\u00fcberstellen.<\/p>\n<p><strong>Zust\u00e4ndigkeit<\/strong><\/p>\n<p>Dieser rechtliche Hinweis unterliegt vollst\u00e4ndig dem spanischen Recht.<\/p>\n<p><strong>Kontakt<\/strong><\/p>\n<p>Wenn Sie Fragen zu diesen rechtlichen Bedingungen haben oder Kommentare zu dieser Website abgeben m\u00f6chten, k\u00f6nnen Sie eine E-Mail an die Adresse &#x69;n&#x66;&#111;&#x40;&#x72;m&#x6e;&#117;&#x74;&#x72;i&#x62;&#117;&#x73;&#x69;n&#x65;&#115;&#x73;&#x2e;c&#x6f;&#109; senden.<\/p>\n<\/div><div class=\"fusion-clearfix\"><\/div><\/div><\/div><\/div><\/div><div class=\"fusion-fullwidth fullwidth-box fusion-builder-row-3 fusion-parallax-none nonhundred-percent-fullwidth non-hundred-percent-height-scrolling lazyload\" style=\"--awb-border-radius-top-left:0px;--awb-border-radius-top-right:0px;--awb-border-radius-bottom-right:0px;--awb-border-radius-bottom-left:0px;--awb-padding-top:370px;--awb-padding-right:0px;--awb-padding-bottom:0px;--awb-padding-left:0px;--awb-margin-top:0px;--awb-margin-bottom:0px;--awb-background-size:cover;--awb-flex-wrap:wrap;\" data-bg=\"https:\/\/www.rmnutribusiness.com\/wp-content\/uploads\/2020\/04\/molecular_footer.png\" ><div class=\"fusion-builder-row fusion-row\"><\/div><\/div><\/p>\n","protected":false},"excerpt":{"rendered":"","protected":false},"author":1,"featured_media":0,"parent":0,"menu_order":0,"comment_status":"closed","ping_status":"closed","template":"100-width.php","meta":{"_joinchat":[],"footnotes":""},"class_list":["post-817","page","type-page","status-publish","hentry"],"_links":{"self":[{"href":"https:\/\/www.rmnutribusiness.com\/de\/wp-json\/wp\/v2\/pages\/817","targetHints":{"allow":["GET"]}}],"collection":[{"href":"https:\/\/www.rmnutribusiness.com\/de\/wp-json\/wp\/v2\/pages"}],"about":[{"href":"https:\/\/www.rmnutribusiness.com\/de\/wp-json\/wp\/v2\/types\/page"}],"author":[{"embeddable":true,"href":"https:\/\/www.rmnutribusiness.com\/de\/wp-json\/wp\/v2\/users\/1"}],"replies":[{"embeddable":true,"href":"https:\/\/www.rmnutribusiness.com\/de\/wp-json\/wp\/v2\/comments?post=817"}],"version-history":[{"count":6,"href":"https:\/\/www.rmnutribusiness.com\/de\/wp-json\/wp\/v2\/pages\/817\/revisions"}],"predecessor-version":[{"id":1012,"href":"https:\/\/www.rmnutribusiness.com\/de\/wp-json\/wp\/v2\/pages\/817\/revisions\/1012"}],"wp:attachment":[{"href":"https:\/\/www.rmnutribusiness.com\/de\/wp-json\/wp\/v2\/media?parent=817"}],"curies":[{"name":"wp","href":"https:\/\/api.w.org\/{rel}","templated":true}]}}