{"id":653,"date":"2020-12-16T17:19:14","date_gmt":"2020-12-16T17:19:14","guid":{"rendered":"https:\/\/www.rmnutribusiness.com\/who-we-are\/"},"modified":"2021-01-30T18:22:07","modified_gmt":"2021-01-30T18:22:07","slug":"who-we-are","status":"publish","type":"page","link":"https:\/\/www.rmnutribusiness.com\/de\/who-we-are\/","title":{"rendered":"WER WIR SIND"},"content":{"rendered":"<p><div class=\"fusion-fullwidth fullwidth-box fusion-builder-row-1 fusion-parallax-none hundred-percent-fullwidth non-hundred-percent-height-scrolling lazyload\" style=\"--link_hover_color: #ffffff;--awb-border-radius-top-left:0px;--awb-border-radius-top-right:0px;--awb-border-radius-bottom-right:0px;--awb-border-radius-bottom-left:0px;--awb-padding-top:280px;--awb-padding-bottom:280px;--awb-margin-top:0px;--awb-margin-bottom:0px;--awb-background-size:cover;--awb-flex-wrap:wrap;\" data-bg=\"https:\/\/www.rmnutribusiness.com\/wp-content\/uploads\/2020\/12\/rmnutribusines_team.jpg\" id=\"banner\" ><div class=\"fusion-builder-row fusion-row\"><div class=\"fusion-layout-column fusion_builder_column fusion-builder-column-0 fusion_builder_column_1_1 1_1 fusion-one-full fusion-column-first fusion-column-last\" style=\"--awb-bg-size:cover;\"><div class=\"fusion-column-wrapper fusion-column-has-shadow fusion-flex-column-wrapper-legacy\"><div class=\"fusion-clearfix\"><\/div><\/div><\/div><\/div><\/div><div class=\"fusion-fullwidth fullwidth-box fusion-builder-row-2 nonhundred-percent-fullwidth non-hundred-percent-height-scrolling\" style=\"--awb-border-radius-top-left:0px;--awb-border-radius-top-right:0px;--awb-border-radius-bottom-right:0px;--awb-border-radius-bottom-left:0px;--awb-margin-top:0px;--awb-margin-bottom:80px;--awb-flex-wrap:wrap;\" ><div class=\"fusion-builder-row fusion-row\"><div class=\"fusion-layout-column fusion_builder_column fusion-builder-column-1 fusion_builder_column_1_1 1_1 fusion-one-full fusion-column-first fusion-column-last\" style=\"--awb-bg-size:cover;\"><div class=\"fusion-column-wrapper fusion-column-has-shadow fusion-flex-column-wrapper-legacy\"><div class=\"fusion-title title fusion-title-1 fusion-sep-none fusion-title-center fusion-title-text fusion-title-size-two\" style=\"--awb-margin-top:80px;--awb-margin-bottom:40px;--awb-margin-top-small:80px;--awb-margin-bottom-small:40px;\"><h2 class=\"fusion-title-heading title-heading-center\" style=\"margin:0;\">WER WIR SIND<\/h2><\/div><div class=\"fusion-text fusion-text-1 margen40\"><p style=\"text-align: center;\"><strong>RM Nutribusiness<\/strong> ist ein registriertes Unternehmen mit Sitz in Madrid (Spanien), das 2013 gegr\u00fcndet wurde. Forscher, Tier\u00e4rzte, Agrar- und Chemieingenieure mit \u00fcber 25 Jahren Erfahrung und nachweislichem Erfolg in der Tierproduktion bilden das R\u00fcckgrat unseres Teams.<\/p>\n<\/div><div class=\"fusion-text fusion-text-2 margen40\"><p style=\"text-align: center;\">Das Unternehmen ist GMP + zertifiziert, QS und FamiQS anerkannt und verfolgt eine nachhaltige Tierproduktion und Tierschutz. Es wird kontinuierlich nach Wegen gesucht, um den Futtermittel- und Lebensmittelsektor mit nat\u00fcrlichen L\u00f6sungen zu unterst\u00fctzen, sowie den Erzeugern einen Mehrwert und den Verbrauchern Gesundheit zu gew\u00e4hrleisten.<\/p>\n<\/div><div class=\"fusion-clearfix\"><\/div><\/div><\/div><\/div><\/div><div class=\"fusion-fullwidth fullwidth-box fusion-builder-row-3 nonhundred-percent-fullwidth non-hundred-percent-height-scrolling fusion-equal-height-columns\" style=\"--awb-border-radius-top-left:0px;--awb-border-radius-top-right:0px;--awb-border-radius-bottom-right:0px;--awb-border-radius-bottom-left:0px;--awb-flex-wrap:wrap;\" ><div class=\"fusion-builder-row fusion-row\"><div class=\"fusion-layout-column fusion_builder_column fusion-builder-column-2 fusion_builder_column_1_3 1_3 fusion-one-third fusion-column-first\" style=\"--awb-bg-color:#b7d073;--awb-bg-color-hover:#b7d073;--awb-bg-size:cover;width:33.333333333333%;width:calc(33.333333333333% - ( ( 0px ) * 0.33333333333333 ) );margin-right: 0px;\"><div class=\"fusion-column-wrapper fusion-column-has-shadow fusion-flex-column-wrapper-legacy\"><div class=\"fusion-column-content-centered\"><div class=\"fusion-column-content\"><div class=\"fusion-title title fusion-title-2 fusion-sep-none fusion-title-center fusion-title-text fusion-title-size-two\" style=\"--awb-margin-top:40px;--awb-margin-bottom:40px;--awb-margin-top-small:0px;--awb-margin-bottom-small:40px;\"><h2 class=\"fusion-title-heading title-heading-center\" style=\"margin:0;\">UNTERNEHMENSZIELE<\/h2><\/div><div class=\"fusion-text fusion-text-3 margen40 padding40\"><p style=\"text-align: center;\">RM Nutribusiness ist eine Referenz auf dem Markt f\u00fcr sichere, effiziente, zuverl\u00e4ssige und gesunde Tierproduktion. Die Forschung ist unser zentrales Kapital. Wir setzen wissenschaftliche Grundlagen in der Tierproduktion ein, um die Effizienz und Gesundheit der Produkte sicherzustellen. Unsere Kunden sind unsere Partner, die durch unsere Unterst\u00fctzung ihre Wettbewerbsf\u00e4higkeit verbessern. Unsere Mitarbeiter finden gute M\u00f6glichkeiten, um zu wachsen und ihre beruflichen und pers\u00f6nlichen F\u00e4higkeiten zu entwickeln, um ihre Zukunft bei uns aufzubauen.<br \/>\nWir f\u00f6rdern Teamwork, Integrit\u00e4t, Engagement und Wertsch\u00f6pfung in einer freundlichen Atmosph\u00e4re.<\/p>\n<\/div><\/div><\/div><div class=\"fusion-clearfix\"><\/div><\/div><\/div><div class=\"fusion-layout-column fusion_builder_column fusion-builder-column-3 fusion_builder_column_2_3 2_3 fusion-two-third fusion-column-last\" style=\"--awb-bg-color:#cfe0a0;--awb-bg-color-hover:#cfe0a0;--awb-bg-size:cover;width:66.666666666667%;width:calc(66.666666666667% - ( ( 0px ) * 0.66666666666667 ) );\"><div class=\"fusion-column-wrapper fusion-column-has-shadow fusion-flex-column-wrapper-legacy\"><div class=\"fusion-image-element in-legacy-container\" style=\"--awb-caption-title-font-family:var(--h2_typography-font-family);--awb-caption-title-font-weight:var(--h2_typography-font-weight);--awb-caption-title-font-style:var(--h2_typography-font-style);--awb-caption-title-size:var(--h2_typography-font-size);--awb-caption-title-transform:var(--h2_typography-text-transform);--awb-caption-title-line-height:var(--h2_typography-line-height);--awb-caption-title-letter-spacing:var(--h2_typography-letter-spacing);\"><span class=\" fusion-imageframe imageframe-none imageframe-1 hover-type-none\"><img decoding=\"async\" width=\"800\" height=\"450\" title=\"rmnutribusiness_who_we_are_2\" src=\"https:\/\/www.rmnutribusiness.com\/wp-content\/uploads\/2020\/11\/rmnutribusiness_who_we_are_2.jpg\" data-orig-src=\"https:\/\/www.rmnutribusiness.com\/wp-content\/uploads\/2020\/11\/rmnutribusiness_who_we_are_2.jpg\" alt class=\"lazyload img-responsive wp-image-535\" srcset=\"data:image\/svg+xml,%3Csvg%20xmlns%3D%27http%3A%2F%2Fwww.w3.org%2F2000%2Fsvg%27%20width%3D%27800%27%20height%3D%27450%27%20viewBox%3D%270%200%20800%20450%27%3E%3Crect%20width%3D%27800%27%20height%3D%27450%27%20fill-opacity%3D%220%22%2F%3E%3C%2Fsvg%3E\" data-srcset=\"https:\/\/www.rmnutribusiness.com\/wp-content\/uploads\/2020\/11\/rmnutribusiness_who_we_are_2-200x113.jpg 200w, https:\/\/www.rmnutribusiness.com\/wp-content\/uploads\/2020\/11\/rmnutribusiness_who_we_are_2-400x225.jpg 400w, https:\/\/www.rmnutribusiness.com\/wp-content\/uploads\/2020\/11\/rmnutribusiness_who_we_are_2-600x338.jpg 600w, https:\/\/www.rmnutribusiness.com\/wp-content\/uploads\/2020\/11\/rmnutribusiness_who_we_are_2.jpg 800w\" data-sizes=\"auto\" data-orig-sizes=\"(max-width: 800px) 100vw, 800px\" \/><\/span><\/div><div class=\"fusion-title title fusion-title-3 fusion-sep-none fusion-title-center fusion-title-text fusion-title-size-two\" style=\"--awb-margin-top:40px;--awb-margin-bottom:40px;--awb-margin-top-small:40px;--awb-margin-bottom-small:40px;\"><h2 class=\"fusion-title-heading title-heading-center\" style=\"margin:0;\">UNTERNEHMENSMISSION<\/h2><\/div><div class=\"fusion-text fusion-text-4 margen40 padding40\"><p style=\"text-align: center;\">Unsere oberste Priorit\u00e4t ist forschungsbasierte, innovative und sichere Produkten f\u00fcr das globale Futtermittelgesch\u00e4ft zu entwickeln, die zu einer effizienten und sicheren Qualit\u00e4tsproduktion von Lebensmitteln f\u00fcr die Verbraucher beitragen. Wir f\u00fchren gemeinsame Projekte mit unseren vertrauensw\u00fcrdigen Partnern aus, die ihre Erfahrung, Zuverl\u00e4ssigkeit, Fachwissen und eine \u00e4hnliche Ethik mit uns teilen.<\/p>\n<\/div><div class=\"fusion-clearfix\"><\/div><\/div><\/div><\/div><\/div><div class=\"fusion-fullwidth fullwidth-box fusion-builder-row-4 nonhundred-percent-fullwidth non-hundred-percent-height-scrolling fusion-equal-height-columns\" style=\"--awb-border-radius-top-left:0px;--awb-border-radius-top-right:0px;--awb-border-radius-bottom-right:0px;--awb-border-radius-bottom-left:0px;--awb-flex-wrap:wrap;\" ><div class=\"fusion-builder-row fusion-row\"><div class=\"fusion-layout-column fusion_builder_column fusion-builder-column-4 fusion_builder_column_2_3 2_3 fusion-two-third fusion-column-first\" style=\"--awb-bg-color:#e7efcf;--awb-bg-color-hover:#e7efcf;--awb-bg-size:cover;width:66.666666666667%;width:calc(66.666666666667% - ( ( 0px ) * 0.66666666666667 ) );margin-right: 0px;\"><div class=\"fusion-column-wrapper fusion-column-has-shadow fusion-flex-column-wrapper-legacy\"><div class=\"fusion-column-content-centered\"><div class=\"fusion-column-content\"><div class=\"fusion-title title fusion-title-4 fusion-sep-none fusion-title-center fusion-title-text fusion-title-size-two\" style=\"--awb-margin-top:40px;--awb-margin-bottom:40px;--awb-margin-top-small:40px;--awb-margin-bottom-small:40px;\"><h2 class=\"fusion-title-heading title-heading-center\" style=\"margin:0;\">VISION<\/h2><\/div><div class=\"fusion-text fusion-text-5 margen40 padding40\"><p style=\"text-align: center;\">RM Nutribusiness wurde speziell gegr\u00fcndet, um neuen Herausforderungen entgegenzutreten, die sich aus einer leistungsstarken modernen Tierproduktion ergeben. Wir bieten sichere und nachhaltige L\u00f6sungen und f\u00f6rdern gleichzeitig den Tierschutz und die \u00d6kologie. Wir glauben fest an umweltfreundliche Praktiken rund um die Produktionsprozesse.<\/p>\n<\/div><\/div><\/div><div class=\"fusion-clearfix\"><\/div><\/div><\/div><div class=\"fusion-layout-column fusion_builder_column fusion-builder-column-5 fusion_builder_column_1_3 1_3 fusion-one-third fusion-column-last\" style=\"--awb-bg-color:#cfe0a0;--awb-bg-color-hover:#cfe0a0;--awb-bg-size:cover;width:33.333333333333%;width:calc(33.333333333333% - ( ( 0px ) * 0.33333333333333 ) );\"><div class=\"fusion-column-wrapper lazyload fusion-column-has-shadow fusion-flex-column-wrapper-legacy fusion-empty-column-bg-image fusion-column-has-bg-image\" data-bg-url=\"https:\/\/www.rmnutribusiness.com\/wp-content\/uploads\/2020\/11\/rmnutribusiness_who_we_are_3.jpg\" data-bg=\"https:\/\/www.rmnutribusiness.com\/wp-content\/uploads\/2020\/11\/rmnutribusiness_who_we_are_3.jpg\"><img decoding=\"async\" class=\"fusion-empty-dims-img-placeholder fusion-no-large-visibility\" aria-label=\"rmnutribusiness_who_we_are_3\" src=\"data:image\/svg+xml,%3Csvg%20xmlns%3D%27http%3A%2F%2Fwww.w3.org%2F2000%2Fsvg%27%20width%3D%27400%27%20height%3D%27284%27%20viewBox%3D%270%200%20400%20284%27%3E%3Crect%20width%3D%27400%27%20height%3D%27284%27%20fill-opacity%3D%220%22%2F%3E%3C%2Fsvg%3E\"><div class=\"fusion-clearfix\"><\/div><\/div><\/div><\/div><\/div><div class=\"fusion-fullwidth fullwidth-box fusion-builder-row-5 nonhundred-percent-fullwidth non-hundred-percent-height-scrolling fusion-equal-height-columns\" style=\"--awb-border-radius-top-left:0px;--awb-border-radius-top-right:0px;--awb-border-radius-bottom-right:0px;--awb-border-radius-bottom-left:0px;--awb-flex-wrap:wrap;\" ><div class=\"fusion-builder-row fusion-row\"><div class=\"fusion-layout-column fusion_builder_column fusion-builder-column-6 fusion_builder_column_2_3 2_3 fusion-two-third fusion-column-first\" style=\"--awb-bg-color:#cfe0a0;--awb-bg-color-hover:#cfe0a0;--awb-bg-size:cover;width:66.666666666667%;width:calc(66.666666666667% - ( ( 0px ) * 0.66666666666667 ) );margin-right: 0px;\"><div class=\"fusion-column-wrapper lazyload fusion-column-has-shadow fusion-flex-column-wrapper-legacy fusion-empty-column-bg-image fusion-column-has-bg-image\" data-bg-url=\"https:\/\/www.rmnutribusiness.com\/wp-content\/uploads\/2020\/11\/rmnutribusiness_who_we_are_4.jpg\" data-bg=\"https:\/\/www.rmnutribusiness.com\/wp-content\/uploads\/2020\/11\/rmnutribusiness_who_we_are_4.jpg\"><img decoding=\"async\" class=\"fusion-empty-dims-img-placeholder fusion-no-large-visibility\" aria-label=\"rmnutribusiness_who_we_are_4\" src=\"data:image\/svg+xml,%3Csvg%20xmlns%3D%27http%3A%2F%2Fwww.w3.org%2F2000%2Fsvg%27%20width%3D%27800%27%20height%3D%27350%27%20viewBox%3D%270%200%20800%20350%27%3E%3Crect%20width%3D%27800%27%20height%3D%27350%27%20fill-opacity%3D%220%22%2F%3E%3C%2Fsvg%3E\"><div class=\"fusion-clearfix\"><\/div><\/div><\/div><div class=\"fusion-layout-column fusion_builder_column fusion-builder-column-7 fusion_builder_column_1_3 1_3 fusion-one-third fusion-column-last\" style=\"--awb-bg-color:#b7d073;--awb-bg-color-hover:#b7d073;--awb-bg-size:cover;width:33.333333333333%;width:calc(33.333333333333% - ( ( 0px ) * 0.33333333333333 ) );\"><div class=\"fusion-column-wrapper fusion-column-has-shadow fusion-flex-column-wrapper-legacy\"><div class=\"fusion-column-content-centered\"><div class=\"fusion-column-content\"><div class=\"fusion-title title fusion-title-5 fusion-sep-none fusion-title-center fusion-title-text fusion-title-size-two\" style=\"--awb-margin-top:40px;--awb-margin-bottom:40px;--awb-margin-top-small:40px;--awb-margin-bottom-small:40px;\"><h2 class=\"fusion-title-heading title-heading-center\" style=\"margin:0;\">FIRMENAKTIVIT\u00c4T<\/h2><\/div><div class=\"fusion-text fusion-text-6 margen40 padding40\"><p style=\"text-align: center;\">RM Nutribusiness \u00fcbt seine T\u00e4tigkeit in der Entwicklung bioaktiver nat\u00fcrlicher und sicherer Nutrazeutika f\u00fcr die Tiergesundheit und -ern\u00e4hrung, den Veterin\u00e4r- und Pharmasektor, sowie das holistische Wohlbefinden des Menschen aus.<\/p>\n<\/div><\/div><\/div><div class=\"fusion-clearfix\"><\/div><\/div><\/div><\/div><\/div><div class=\"fusion-fullwidth fullwidth-box fusion-builder-row-6 nonhundred-percent-fullwidth non-hundred-percent-height-scrolling\" style=\"--awb-border-radius-top-left:0px;--awb-border-radius-top-right:0px;--awb-border-radius-bottom-right:0px;--awb-border-radius-bottom-left:0px;--awb-margin-top:0px;--awb-margin-bottom:0px;--awb-flex-wrap:wrap;\" ><div class=\"fusion-builder-row fusion-row\"><div class=\"fusion-layout-column fusion_builder_column fusion-builder-column-8 fusion_builder_column_1_1 1_1 fusion-one-full fusion-column-first fusion-column-last\" style=\"--awb-bg-size:cover;\"><div class=\"fusion-column-wrapper fusion-column-has-shadow fusion-flex-column-wrapper-legacy\"><div class=\"fusion-title title fusion-title-6 fusion-sep-none fusion-title-center fusion-title-text fusion-title-size-two\" style=\"--awb-margin-top:80px;--awb-margin-bottom:40px;--awb-margin-top-small:80px;--awb-margin-bottom-small:40px;\"><h2 class=\"fusion-title-heading title-heading-center\" style=\"margin:0;\">QUALIT\u00c4TSZERTIFIKATE<\/h2><\/div><div class=\"fusion-text fusion-text-7\"><p style=\"text-align: center; margin-bottom: 0px;\">Das Unternehmen ist GMP + -zertifiziert, QS und FamiQS anerkannt und verfolgt eine nachhaltige Tierproduktion und Tierschutz.<\/p>\n<\/div><div class=\"fusion-clearfix\"><\/div><\/div><\/div><\/div><\/div><div class=\"fusion-fullwidth fullwidth-box fusion-builder-row-7 fusion-parallax-none nonhundred-percent-fullwidth non-hundred-percent-height-scrolling lazyload\" style=\"--awb-border-radius-top-left:0px;--awb-border-radius-top-right:0px;--awb-border-radius-bottom-right:0px;--awb-border-radius-bottom-left:0px;--awb-padding-top:370px;--awb-padding-right:0px;--awb-padding-bottom:0px;--awb-padding-left:0px;--awb-margin-top:0px;--awb-margin-bottom:0px;--awb-background-size:cover;--awb-flex-wrap:wrap;\" data-bg=\"https:\/\/www.rmnutribusiness.com\/wp-content\/uploads\/2020\/04\/molecular_footer.png\" ><div class=\"fusion-builder-row fusion-row\"><\/div><\/div><\/p>\n","protected":false},"excerpt":{"rendered":"","protected":false},"author":1,"featured_media":0,"parent":0,"menu_order":0,"comment_status":"closed","ping_status":"closed","template":"100-width.php","meta":{"_joinchat":[],"footnotes":""},"class_list":["post-653","page","type-page","status-publish","hentry"],"_links":{"self":[{"href":"https:\/\/www.rmnutribusiness.com\/de\/wp-json\/wp\/v2\/pages\/653","targetHints":{"allow":["GET"]}}],"collection":[{"href":"https:\/\/www.rmnutribusiness.com\/de\/wp-json\/wp\/v2\/pages"}],"about":[{"href":"https:\/\/www.rmnutribusiness.com\/de\/wp-json\/wp\/v2\/types\/page"}],"author":[{"embeddable":true,"href":"https:\/\/www.rmnutribusiness.com\/de\/wp-json\/wp\/v2\/users\/1"}],"replies":[{"embeddable":true,"href":"https:\/\/www.rmnutribusiness.com\/de\/wp-json\/wp\/v2\/comments?post=653"}],"version-history":[{"count":8,"href":"https:\/\/www.rmnutribusiness.com\/de\/wp-json\/wp\/v2\/pages\/653\/revisions"}],"predecessor-version":[{"id":893,"href":"https:\/\/www.rmnutribusiness.com\/de\/wp-json\/wp\/v2\/pages\/653\/revisions\/893"}],"wp:attachment":[{"href":"https:\/\/www.rmnutribusiness.com\/de\/wp-json\/wp\/v2\/media?parent=653"}],"curies":[{"name":"wp","href":"https:\/\/api.w.org\/{rel}","templated":true}]}}