{"id":1086,"date":"2025-09-15T10:19:20","date_gmt":"2025-09-15T10:19:20","guid":{"rendered":"https:\/\/www.rmnutribusiness.com\/?page_id=1086"},"modified":"2025-09-15T10:34:03","modified_gmt":"2025-09-15T10:34:03","slug":"allgemeine-verkaufsbedingungen","status":"publish","type":"page","link":"https:\/\/www.rmnutribusiness.com\/de\/allgemeine-verkaufsbedingungen\/","title":{"rendered":"ALLGEMEINE VERKAUFSBEDINGUNGEN"},"content":{"rendered":"<h1>ALLGEMEINE VERKAUFSBEDINGUNGEN<\/h1>\n<h1>1. Zweck und Geltungsbereich<\/h1>\n<p>Diese Allgemeinen Verkaufsbedingungen (\u201eAVB\u201c) regeln alle Vertragsbeziehungen zwischen RM NUTRIBUSINESS SLU \u00a0(\u201eVerk\u00e4ufer\u201c) und seinen Kunden (\u201eK\u00e4ufer\u201c) bez\u00fcglich der Lieferung von Produkten f\u00fcr die Tierern\u00e4hrung.<br \/>\nDie AVB sind Bestandteil aller Angebote, Auftragsbest\u00e4tigungen und Kaufvertr\u00e4ge zwischen Verk\u00e4ufer und K\u00e4ufer. Mit Annahme eines Angebots oder einer Bestellung akzeptiert der K\u00e4ufer diese AVB uneingeschr\u00e4nkt.<\/p>\n<h1>2. Bestellungen und Best\u00e4tigungen<\/h1>\n<p>2.1. Bestellungen m\u00fcssen schriftlich erfolgen und an die vom Verk\u00e4ufer angegebene E-Mail-Adresse gesendet werden.<br \/>\n2.2. Jede Bestellung ist f\u00fcr den K\u00e4ufer bindend.<br \/>\n2.3. Der Verk\u00e4ufer best\u00e4tigt oder lehnt Bestellungen innerhalb von f\u00fcnfzehn (15) Tagen ab. Schweigen gilt nicht als Annahme.<\/p>\n<h1>3. Angebote<\/h1>\n<p>Angebote und Kostenvoranschl\u00e4ge des Verk\u00e4ufers sind unverbindlich, sofern sie nicht ausdr\u00fccklich schriftlich best\u00e4tigt werden.<\/p>\n<h1>4. Preise und Steuern<\/h1>\n<p>4.1. Preise ergeben sich aus der Auftragsbest\u00e4tigung und beinhalten den entsprechenden Incoterm\u00ae gem\u00e4\u00df der Internationalen Handelskammer (ICC).<br \/>\n4.2. Zuz\u00fcglich gelten die anwendbaren Steuern gem\u00e4\u00df EU- und nationalem Recht.<\/p>\n<h1>5. Zahlungsbedingungen<\/h1>\n<p>5.1. Der K\u00e4ufer verpflichtet sich zur strikten Einhaltung der in Angebot oder Auftragsbest\u00e4tigung angegebenen Zahlungsbedingungen.<br \/>\n5.2. Nicht vereinbarte Skonti, Aufrechnungen oder Abz\u00fcge sind ausgeschlossen.<br \/>\n5.3. Zahlungsverzug berechtigt den Verk\u00e4ufer zur Aussetzung von Lieferungen und zur Berechnung von Verzugszinsen gem\u00e4\u00df Richtlinie 2011\/7\/EU und nationalem Recht.<\/p>\n<h1>6. Lieferung und Abnahme<\/h1>\n<p>6.1. Der K\u00e4ufer darf die Annahme der Ware nicht ohne objektiven und belegbaren Grund verweigern.<br \/>\n6.2. Vom Verk\u00e4ufer angegebene Liefertermine sind unverbindlich und k\u00f6nnen variieren, ohne Anspruch auf Schadenersatz.<\/p>\n<h1>7. Reklamationen und R\u00fcckgaben<\/h1>\n<p>7.1. Reklamationen sind innerhalb von drei (3) Arbeitstagen nach Erhalt der Ware schriftlich einzureichen.<br \/>\n7.2. Sie m\u00fcssen mit ausreichenden Belegen dokumentiert sein.<br \/>\n7.3. Der Verk\u00e4ufer kann nach eigenem Ermessen (i) die Ware nachbessern oder (ii) ersetzen. R\u00fccknahmen erfolgen nur in Ausnahmef\u00e4llen und unter Bedingungen:<br \/>\n&#8211; Die Haltbarkeitsdauer muss mindestens sechs (6) Monate bis zum Verfallsdatum betragen.<br \/>\n&#8211; Original, unge\u00f6ffnet, sachgerecht gelagert.<br \/>\n7.4. Sch\u00fcttgut ist nie zur R\u00fccknahme verpflichtet, au\u00dfer bei offizieller Gesundheitswarnung.<br \/>\n7.5. \u00dcberk\u00e4ufe berechtigen nicht zur R\u00fcckgabe, au\u00dfer nach Ermessen des Verk\u00e4ufers.<\/p>\n<h1>8. H\u00f6here Gewalt<\/h1>\n<p>Bei h\u00f6herer Gewalt (z. B. Streiks, Pandemien, Transportunterbrechungen, beh\u00f6rdlichen Ma\u00dfnahmen, Krieg, Naturkatastrophen) ist der Verk\u00e4ufer von jeglicher Haftung befreit und kann Lieferungen aussetzen oder stornieren.<\/p>\n<h1>9. Verz\u00f6gerungen durch den K\u00e4ufer<\/h1>\n<p>Der K\u00e4ufer kann Lieferverz\u00f6gerungen nur im \u00fcblichen gesch\u00e4ftlichen Rahmen verlangen. Wesentliche Verz\u00f6gerungen berechtigen den Verk\u00e4ufer zu:<br \/>\n&#8211; Lager- und Versicherungskosten weiterzugeben, und\/oder<br \/>\n&#8211; Den Vertrag mit Schadensersatz zu k\u00fcndigen.<\/p>\n<h1>10. Eigentumsvorbehalt<\/h1>\n<p>10.1. Eigentum geht erst nach vollst\u00e4ndiger Bezahlung \u00fcber.<br \/>\n10.2. Bis zur vollst\u00e4ndigen Zahlung bleibt die Ware Eigentum des Verk\u00e4ufers, auch wenn sie im Besitz des K\u00e4ufers ist.<br \/>\n10.3. Der K\u00e4ufer muss die Ware getrennt lagern, versichern und nicht ver\u00e4u\u00dfern, bis sie bezahlt ist.<\/p>\n<h1>11. Anwendbares Recht und Gerichtsstand<\/h1>\n<p>Diese AVB unterliegen dem EU-Recht und subsidi\u00e4r dem Handelsrecht von Spanien.<br \/>\nGerichtsstand ist Madrid.<\/p>\n","protected":false},"excerpt":{"rendered":"<p>ALLGEMEINE VERKAUFSBEDINGUNGEN 1. Zweck und Geltungsbereich Diese Allgemeinen Verkaufsbedingungen (\u201eAVB\u201c)  <\/p>\n","protected":false},"author":1,"featured_media":0,"parent":0,"menu_order":0,"comment_status":"closed","ping_status":"closed","template":"","meta":{"_joinchat":[],"footnotes":""},"class_list":["post-1086","page","type-page","status-publish","hentry"],"_links":{"self":[{"href":"https:\/\/www.rmnutribusiness.com\/de\/wp-json\/wp\/v2\/pages\/1086","targetHints":{"allow":["GET"]}}],"collection":[{"href":"https:\/\/www.rmnutribusiness.com\/de\/wp-json\/wp\/v2\/pages"}],"about":[{"href":"https:\/\/www.rmnutribusiness.com\/de\/wp-json\/wp\/v2\/types\/page"}],"author":[{"embeddable":true,"href":"https:\/\/www.rmnutribusiness.com\/de\/wp-json\/wp\/v2\/users\/1"}],"replies":[{"embeddable":true,"href":"https:\/\/www.rmnutribusiness.com\/de\/wp-json\/wp\/v2\/comments?post=1086"}],"version-history":[{"count":4,"href":"https:\/\/www.rmnutribusiness.com\/de\/wp-json\/wp\/v2\/pages\/1086\/revisions"}],"predecessor-version":[{"id":1090,"href":"https:\/\/www.rmnutribusiness.com\/de\/wp-json\/wp\/v2\/pages\/1086\/revisions\/1090"}],"wp:attachment":[{"href":"https:\/\/www.rmnutribusiness.com\/de\/wp-json\/wp\/v2\/media?parent=1086"}],"curies":[{"name":"wp","href":"https:\/\/api.w.org\/{rel}","templated":true}]}}